{"id":465,"date":"2022-04-24T22:08:46","date_gmt":"2022-04-24T22:08:46","guid":{"rendered":"https:\/\/architect.oceanwp.org\/?page_id=465"},"modified":"2026-04-13T01:47:29","modified_gmt":"2026-04-12T23:47:29","slug":"home","status":"publish","type":"page","link":"https:\/\/granitantic.com\/","title":{"rendered":"Po\u010detna"},"content":{"rendered":"\t\t<div data-elementor-type=\"wp-page\" data-elementor-id=\"465\" class=\"elementor elementor-465\">\n\t\t\t\t\t\t<section class=\"elementor-section elementor-top-section elementor-element elementor-element-67bccc4 elementor-section-height-min-height elementor-section-boxed elementor-section-height-default elementor-section-items-middle\" data-id=\"67bccc4\" data-element_type=\"section\" data-e-type=\"section\" data-settings=\"{&quot;background_background&quot;:&quot;slideshow&quot;,&quot;background_slideshow_gallery&quot;:[{&quot;id&quot;:891,&quot;url&quot;:&quot;https:\\\/\\\/granitantic.com\\\/wp-content\\\/uploads\\\/2025\\\/03\\\/pocetna-strana.jpg&quot;}],&quot;background_slideshow_loop&quot;:&quot;yes&quot;,&quot;background_slideshow_slide_duration&quot;:5000,&quot;background_slideshow_slide_transition&quot;:&quot;fade&quot;,&quot;background_slideshow_transition_duration&quot;:500}\">\n\t\t\t\t\t\t\t<div class=\"elementor-background-overlay\"><\/div>\n\t\t\t\t\t\t\t<div class=\"elementor-container elementor-column-gap-default\">\n\t\t\t\t\t<div class=\"elementor-column elementor-col-100 elementor-top-column elementor-element elementor-element-23a601b\" data-id=\"23a601b\" data-element_type=\"column\" data-e-type=\"column\">\n\t\t\t<div class=\"elementor-widget-wrap elementor-element-populated\">\n\t\t\t\t\t\t<div class=\"elementor-element elementor-element-fb64808 elementor-widget-divider--view-line elementor-widget elementor-widget-divider\" data-id=\"fb64808\" data-element_type=\"widget\" data-e-type=\"widget\" data-widget_type=\"divider.default\">\n\t\t\t\t\t\t\t<div class=\"elementor-divider\">\n\t\t\t<span class=\"elementor-divider-separator\">\n\t\t\t\t\t\t<\/span>\n\t\t<\/div>\n\t\t\t\t\t\t<\/div>\n\t\t\t\t<div class=\"elementor-element elementor-element-5c316fb elementor-widget elementor-widget-heading\" data-id=\"5c316fb\" data-element_type=\"widget\" data-e-type=\"widget\" data-widget_type=\"heading.default\">\n\t\t\t\t\t<h1 class=\"elementor-heading-title elementor-size-default\"><div class=\"hero-title-clean\">\n  Granit Anti\u0107\n<\/div>\n\n\n.hero-title-clean {\n  color: #ffffff;\n  font-family: 'Playfair Display', serif;\n  font-size: 64px;\n  font-weight: 700;\n  text-align: center;\n  text-transform: uppercase;\n  letter-spacing: 2px;\n  text-shadow: 3px 3px 10px rgba(0, 0, 0, 0.8); \/* jaka senka za kontrast *\/\n  padding: 20px;\n  margin: 0 auto;\n}\n\n<\/h1>\t\t\t\t<\/div>\n\t\t\t\t<div class=\"elementor-element elementor-element-b2ae864 elementor-widget elementor-widget-heading\" data-id=\"b2ae864\" data-element_type=\"widget\" data-e-type=\"widget\" data-widget_type=\"heading.default\">\n\t\t\t\t\t<h2 class=\"elementor-heading-title elementor-size-default\">Dobrodo\u0161li u <b>Granit Anti\u0107<\/b>, porodi\u010dnu kamenoreza\u010dku radionicu sa dugogodi\u0161njim iskustvom u izradi nadgrobnih spomenika, dekorativnih elemenata i drugih kamenih proizvoda. Na\u0161a strast prema zanatu, pa\u017enja prema detaljima i kori\u0161\u0107enje najkvalitetnijih materijala \u010dine nas pouzdanim partnerom za sve va\u0161e potrebe.<\/h2>\t\t\t\t<\/div>\n\t\t\t\t\t<\/div>\n\t\t<\/div>\n\t\t\t\t\t<\/div>\n\t\t<\/section>\n\t\t\t\t<section class=\"elementor-section elementor-top-section elementor-element elementor-element-8f2a3b1 elementor-section-boxed elementor-section-height-default elementor-section-height-default\" data-id=\"8f2a3b1\" data-element_type=\"section\" data-e-type=\"section\">\n\t\t\t\t\t\t<div class=\"elementor-container elementor-column-gap-default\">\n\t\t\t\t\t<div class=\"elementor-column elementor-col-100 elementor-top-column elementor-element elementor-element-9427d45\" data-id=\"9427d45\" data-element_type=\"column\" data-e-type=\"column\">\n\t\t\t<div class=\"elementor-widget-wrap elementor-element-populated\">\n\t\t\t\t\t\t<section class=\"elementor-section elementor-inner-section elementor-element elementor-element-f162c40 elementor-section-content-middle elementor-section-boxed elementor-section-height-default elementor-section-height-default\" data-id=\"f162c40\" data-element_type=\"section\" data-e-type=\"section\">\n\t\t\t\t\t\t<div class=\"elementor-container elementor-column-gap-no\">\n\t\t\t\t\t<div class=\"elementor-column elementor-col-50 elementor-inner-column elementor-element elementor-element-dacf0d5\" data-id=\"dacf0d5\" data-element_type=\"column\" data-e-type=\"column\">\n\t\t\t<div class=\"elementor-widget-wrap elementor-element-populated\">\n\t\t\t\t\t\t<div class=\"elementor-element elementor-element-692d71b elementor-widget elementor-widget-image\" data-id=\"692d71b\" data-element_type=\"widget\" data-e-type=\"widget\" data-widget_type=\"image.default\">\n\t\t\t\t\t\t\t\t\t\t\t\t\t\t\t<img fetchpriority=\"high\" decoding=\"async\" width=\"1024\" height=\"1024\" src=\"https:\/\/i0.wp.com\/granitantic.com\/wp-content\/uploads\/2025\/03\/nasa-pricaaaaa-1.webp?fit=1024%2C1024&amp;ssl=1\" class=\"attachment-full size-full wp-image-912\" alt=\"\" srcset=\"https:\/\/i0.wp.com\/granitantic.com\/wp-content\/uploads\/2025\/03\/nasa-pricaaaaa-1.webp?w=1024&amp;ssl=1 1024w, https:\/\/i0.wp.com\/granitantic.com\/wp-content\/uploads\/2025\/03\/nasa-pricaaaaa-1.webp?resize=300%2C300&amp;ssl=1 300w, https:\/\/i0.wp.com\/granitantic.com\/wp-content\/uploads\/2025\/03\/nasa-pricaaaaa-1.webp?resize=150%2C150&amp;ssl=1 150w, https:\/\/i0.wp.com\/granitantic.com\/wp-content\/uploads\/2025\/03\/nasa-pricaaaaa-1.webp?resize=768%2C768&amp;ssl=1 768w, https:\/\/i0.wp.com\/granitantic.com\/wp-content\/uploads\/2025\/03\/nasa-pricaaaaa-1.webp?resize=600%2C600&amp;ssl=1 600w\" sizes=\"(max-width: 1024px) 100vw, 1024px\" \/>\t\t\t\t\t\t\t\t\t\t\t\t\t\t\t<\/div>\n\t\t\t\t\t<\/div>\n\t\t<\/div>\n\t\t\t\t<div class=\"elementor-column elementor-col-50 elementor-inner-column elementor-element elementor-element-9a4d4d6\" data-id=\"9a4d4d6\" data-element_type=\"column\" data-e-type=\"column\">\n\t\t\t<div class=\"elementor-widget-wrap elementor-element-populated\">\n\t\t\t\t\t\t<div class=\"elementor-element elementor-element-f680795 elementor-widget-divider--view-line elementor-widget elementor-widget-divider\" data-id=\"f680795\" data-element_type=\"widget\" data-e-type=\"widget\" data-widget_type=\"divider.default\">\n\t\t\t\t\t\t\t<div class=\"elementor-divider\">\n\t\t\t<span class=\"elementor-divider-separator\">\n\t\t\t\t\t\t<\/span>\n\t\t<\/div>\n\t\t\t\t\t\t<\/div>\n\t\t\t\t<div class=\"elementor-element elementor-element-0255a9f elementor-widget-mobile__width-inherit elementor-widget elementor-widget-heading\" data-id=\"0255a9f\" data-element_type=\"widget\" data-e-type=\"widget\" data-widget_type=\"heading.default\">\n\t\t\t\t\t<h2 class=\"elementor-heading-title elementor-size-default\">Na\u0161a pri\u010da<\/h2>\t\t\t\t<\/div>\n\t\t\t\t<div class=\"elementor-element elementor-element-1d444c1 elementor-widget elementor-widget-heading\" data-id=\"1d444c1\" data-element_type=\"widget\" data-e-type=\"widget\" data-widget_type=\"heading.default\">\n\t\t\t\t\t<p class=\"elementor-heading-title elementor-size-default\">Kamenoreza\u010dka radnja Granit Anti\u0107, ponosno neguje tradiciju izrade i obrade kamena. Na\u0161a misija je da pru\u017eimo visokokvalitetne kamene proizvode koji odolevaju vremenu i zra\u010de elegancijom.\n<\/p>\t\t\t\t<\/div>\n\t\t\t\t<div class=\"elementor-element elementor-element-e79a663 elementor-widget elementor-widget-heading\" data-id=\"e79a663\" data-element_type=\"widget\" data-e-type=\"widget\" data-widget_type=\"heading.default\">\n\t\t\t\t\t<p class=\"elementor-heading-title elementor-size-default\">Na\u0161 tim majstora i dizajnera spreman je da saslu\u0161a va\u0161e \u017eelje i pomogne vam u odabiru najboljeg re\u0161enja. Verujemo da je svaki kamen pri\u010da za sebe \u2013 mi smo tu da je oblikujemo sa po\u0161tovanjem i stru\u010dno\u0161\u0107u.\n<\/p>\t\t\t\t<\/div>\n\t\t\t\t<div class=\"elementor-element elementor-element-6574349 elementor-widget elementor-widget-spacer\" data-id=\"6574349\" data-element_type=\"widget\" data-e-type=\"widget\" data-widget_type=\"spacer.default\">\n\t\t\t\t\t\t\t<div class=\"elementor-spacer\">\n\t\t\t<div class=\"elementor-spacer-inner\"><\/div>\n\t\t<\/div>\n\t\t\t\t\t\t<\/div>\n\t\t\t\t\t<\/div>\n\t\t<\/div>\n\t\t\t\t\t<\/div>\n\t\t<\/section>\n\t\t\t\t<div class=\"elementor-element elementor-element-489dce5 elementor-widget elementor-widget-spacer\" data-id=\"489dce5\" data-element_type=\"widget\" data-e-type=\"widget\" data-widget_type=\"spacer.default\">\n\t\t\t\t\t\t\t<div class=\"elementor-spacer\">\n\t\t\t<div class=\"elementor-spacer-inner\"><\/div>\n\t\t<\/div>\n\t\t\t\t\t\t<\/div>\n\t\t\t\t\t<\/div>\n\t\t<\/div>\n\t\t\t\t\t<\/div>\n\t\t<\/section>\n\t\t\t\t<section class=\"elementor-section elementor-top-section elementor-element elementor-element-38b565e elementor-section-full_width elementor-section-height-min-height elementor-section-height-default elementor-section-items-middle\" data-id=\"38b565e\" data-element_type=\"section\" data-e-type=\"section\" data-settings=\"{&quot;background_background&quot;:&quot;classic&quot;}\">\n\t\t\t\t\t\t\t<div class=\"elementor-background-overlay\"><\/div>\n\t\t\t\t\t\t\t<div class=\"elementor-container elementor-column-gap-default\">\n\t\t\t\t\t<div class=\"elementor-column elementor-col-100 elementor-top-column elementor-element elementor-element-3a1eccc\" data-id=\"3a1eccc\" data-element_type=\"column\" data-e-type=\"column\">\n\t\t\t<div class=\"elementor-widget-wrap elementor-element-populated\">\n\t\t\t\t\t\t<section class=\"elementor-section elementor-inner-section elementor-element elementor-element-91dd309 elementor-section-boxed elementor-section-height-default elementor-section-height-default\" data-id=\"91dd309\" data-element_type=\"section\" data-e-type=\"section\">\n\t\t\t\t\t\t<div class=\"elementor-container elementor-column-gap-default\">\n\t\t\t\t\t<div class=\"elementor-column elementor-col-100 elementor-inner-column elementor-element elementor-element-cce15a4\" data-id=\"cce15a4\" data-element_type=\"column\" data-e-type=\"column\">\n\t\t\t<div class=\"elementor-widget-wrap elementor-element-populated\">\n\t\t\t\t\t\t<div class=\"elementor-element elementor-element-92a1438 elementor-widget elementor-widget-heading\" data-id=\"92a1438\" data-element_type=\"widget\" data-e-type=\"widget\" data-widget_type=\"heading.default\">\n\t\t\t\t\t<h2 class=\"elementor-heading-title elementor-size-default\"><div class=\"hero-slogan\">\n  Preciznost u kamenu, dostojanstvo u svakom detalju.\n<\/div>\n\n\n.hero-slogan {\n  color: white;\n  font-size: 28px;\n  font-weight: 600;\n  text-align: center;\n  line-height: 1.4;\n  padding: 20px;\n}\n\n<\/h2>\t\t\t\t<\/div>\n\t\t\t\t\t<\/div>\n\t\t<\/div>\n\t\t\t\t\t<\/div>\n\t\t<\/section>\n\t\t\t\t\t<\/div>\n\t\t<\/div>\n\t\t\t\t\t<\/div>\n\t\t<\/section>\n\t\t\t\t<section class=\"elementor-section elementor-top-section elementor-element elementor-element-e515b13 elementor-section-height-min-height elementor-section-boxed elementor-section-height-default elementor-section-items-middle\" data-id=\"e515b13\" data-element_type=\"section\" data-e-type=\"section\" data-settings=\"{&quot;background_background&quot;:&quot;classic&quot;}\">\n\t\t\t\t\t\t<div class=\"elementor-container elementor-column-gap-default\">\n\t\t\t\t\t<div class=\"elementor-column elementor-col-100 elementor-top-column elementor-element elementor-element-9ab549d\" data-id=\"9ab549d\" data-element_type=\"column\" data-e-type=\"column\">\n\t\t\t<div class=\"elementor-widget-wrap elementor-element-populated\">\n\t\t\t\t\t\t<div class=\"elementor-element elementor-element-db61acb elementor-widget__width-initial elementor-widget-mobile__width-inherit elementor-widget-tablet__width-initial elementor-widget elementor-widget-heading\" data-id=\"db61acb\" data-element_type=\"widget\" data-e-type=\"widget\" data-widget_type=\"heading.default\">\n\t\t\t\t\t<p class=\"elementor-heading-title elementor-size-default\"><div class=\"kontakt-box\">\n    <h2>Kontakt<\/h2>\n    <p><strong>Adresa:<\/strong> Krvavica, Kru\u0161evac 37257<\/p>\n\n    <p><strong>Telefoni:<\/strong><\/p>\n    <ul>\n        <li>+381 65 218 1111<\/li>\n        <li>+381 69 696 426<\/li>\n        <li>+381 61 117 2777<\/li>\n    <\/ul>\n\n    <p><strong>E-Mail:<\/strong> kontakt@granitantic.com<\/p>\n\n    <p class=\"poseta\">Posetite nas i uverite se u kvalitet i preciznost na\u0161e izrade.<\/p>\n\n    <p class=\"firma\">Granit Anti\u0107<\/p>\n<\/div>\n\n\n.kontakt-box {\n    max-width: 100%;\n    font-family: Arial, sans-serif;\n    text-align: center;\n}\n\n.kontakt-box h2 {\n    color: #fff;\n    font-size: 32px; \/* Ve\u0107e slovo za naslov *\/\n    margin-bottom: 15px;\n}\n\n.kontakt-box p, .kontakt-box li {\n    color: #fff;\n    font-size: 22px; \/* Pove\u0107ana veli\u010dina teksta *\/\n    line-height: 1.8;\n}\n\n.kontakt-box ul {\n    list-style: none;\n    padding: 0;\n}\n\n.kontakt-box li {\n    margin-bottom: 8px;\n}\n\n.poseta {\n    font-weight: bold;\n    font-size: 24px; \/* Ve\u0107i font za va\u017ean tekst *\/\n    margin-top: 25px;\n}\n\n.firma {\n    font-size: 28px; \/* Ve\u0107i font za naziv firme *\/\n    font-weight: bold;\n    color: #fff;\n}\n\n\n<\/p>\t\t\t\t<\/div>\n\t\t\t\t\t<\/div>\n\t\t<\/div>\n\t\t\t\t\t<\/div>\n\t\t<\/section>\n\t\t\t\t<\/div>\n\t\t","protected":false},"excerpt":{"rendered":"<p>Granit Anti\u0107 .hero-title-clean { color: #ffffff; font-family: &#8216;Playfair Display&#8217;, serif; font-size: 64px; font-weight: 700; text-align: center; text-transform: uppercase; letter-spacing: 2px; text-shadow: 3px 3px 10px rgba(0, 0, 0, 0.8); \/* jaka senka za kontrast *\/ padding: 20px; margin: 0 auto; } Dobrodo\u0161li u Granit Anti\u0107, porodi\u010dnu kamenoreza\u010dku radionicu sa dugogodi\u0161njim iskustvom u izradi nadgrobnih spomenika, dekorativnih [&hellip;]<\/p>\n","protected":false},"author":2,"featured_media":889,"parent":0,"menu_order":0,"comment_status":"closed","ping_status":"closed","template":"","meta":{"ocean_post_layout":"full-screen","ocean_both_sidebars_style":"","ocean_both_sidebars_content_width":0,"ocean_both_sidebars_sidebars_width":0,"ocean_sidebar":"0","ocean_second_sidebar":"0","ocean_disable_margins":"on","ocean_add_body_class":"","ocean_shortcode_before_top_bar":"","ocean_shortcode_after_top_bar":"","ocean_shortcode_before_header":"","ocean_shortcode_after_header":"","ocean_has_shortcode":"","ocean_shortcode_after_title":"","ocean_shortcode_before_footer_widgets":"","ocean_shortcode_after_footer_widgets":"","ocean_shortcode_before_footer_bottom":"","ocean_shortcode_after_footer_bottom":"","ocean_display_top_bar":"default","ocean_display_header":"default","ocean_header_style":"transparent","ocean_center_header_left_menu":"0","ocean_custom_header_template":"0","ocean_custom_logo":0,"ocean_custom_retina_logo":0,"ocean_custom_logo_max_width":0,"ocean_custom_logo_tablet_max_width":0,"ocean_custom_logo_mobile_max_width":0,"ocean_custom_logo_max_height":0,"ocean_custom_logo_tablet_max_height":0,"ocean_custom_logo_mobile_max_height":0,"ocean_header_custom_menu":"0","ocean_menu_typo_font_family":"0","ocean_menu_typo_font_subset":"","ocean_menu_typo_font_size":0,"ocean_menu_typo_font_size_tablet":0,"ocean_menu_typo_font_size_mobile":0,"ocean_menu_typo_font_size_unit":"px","ocean_menu_typo_font_weight":"","ocean_menu_typo_font_weight_tablet":"","ocean_menu_typo_font_weight_mobile":"","ocean_menu_typo_transform":"","ocean_menu_typo_transform_tablet":"","ocean_menu_typo_transform_mobile":"","ocean_menu_typo_line_height":0,"ocean_menu_typo_line_height_tablet":0,"ocean_menu_typo_line_height_mobile":0,"ocean_menu_typo_line_height_unit":"","ocean_menu_typo_spacing":0,"ocean_menu_typo_spacing_tablet":0,"ocean_menu_typo_spacing_mobile":0,"ocean_menu_typo_spacing_unit":"","ocean_menu_link_color":"#ffffff","ocean_menu_link_color_hover":"#6e8fef","ocean_menu_link_color_active":"#ffffff","ocean_menu_link_background":"","ocean_menu_link_hover_background":"","ocean_menu_link_active_background":"","ocean_menu_social_links_bg":"","ocean_menu_social_hover_links_bg":"","ocean_menu_social_links_color":"#ffffff","ocean_menu_social_hover_links_color":"#6e8fef","ocean_disable_title":"on","ocean_disable_heading":"default","ocean_post_title":"","ocean_post_subheading":"","ocean_post_title_style":"","ocean_post_title_background_color":"","ocean_post_title_background":0,"ocean_post_title_bg_image_position":"","ocean_post_title_bg_image_attachment":"","ocean_post_title_bg_image_repeat":"","ocean_post_title_bg_image_size":"","ocean_post_title_height":0,"ocean_post_title_bg_overlay":0.5,"ocean_post_title_bg_overlay_color":"","ocean_disable_breadcrumbs":"off","ocean_breadcrumbs_color":"","ocean_breadcrumbs_separator_color":"","ocean_breadcrumbs_links_color":"","ocean_breadcrumbs_links_hover_color":"","ocean_display_footer_widgets":"default","ocean_display_footer_bottom":"default","ocean_custom_footer_template":"0","footnotes":""},"class_list":["post-465","page","type-page","status-publish","has-post-thumbnail","hentry","entry","has-media"],"yoast_head":"<!-- This site is optimized with the Yoast SEO plugin v27.3 - https:\/\/yoast.com\/product\/yoast-seo-wordpress\/ -->\n<title>Po\u010detna - Kamenoreza\u010dka Radnja Granit Anti\u0107 - Kru\u0161evac, Krvavica<\/title>\n<meta name=\"description\" content=\"Granit Anti\u0107 nudi visokokvalitetnu obradu kamena, sa tradicijom i stru\u010dnostima koje garantuju preciznost, dugotrajnost i umetni\u010dki pe\u010dat na svakom komadu.\" \/>\n<meta name=\"robots\" content=\"index, follow, max-snippet:-1, max-image-preview:large, max-video-preview:-1\" \/>\n<link rel=\"canonical\" href=\"https:\/\/granitantic.com\/\" \/>\n<meta property=\"og:locale\" content=\"en_US\" \/>\n<meta property=\"og:type\" content=\"article\" \/>\n<meta property=\"og:title\" content=\"Po\u010detna - Kamenoreza\u010dka Radnja Granit Anti\u0107 - Kru\u0161evac, Krvavica\" \/>\n<meta property=\"og:description\" content=\"Granit Anti\u0107 nudi visokokvalitetnu obradu kamena, sa tradicijom i stru\u010dnostima koje garantuju preciznost, dugotrajnost i umetni\u010dki pe\u010dat na svakom komadu.\" \/>\n<meta property=\"og:url\" content=\"https:\/\/granitantic.com\/\" \/>\n<meta property=\"og:site_name\" content=\"Kamenoreza\u010dka Radnja Granit Anti\u0107 - Kru\u0161evac, Krvavica\" \/>\n<meta property=\"article:modified_time\" content=\"2026-04-12T23:47:29+00:00\" \/>\n<meta property=\"og:image\" content=\"https:\/\/granitantic.com\/wp-content\/uploads\/2025\/03\/transparent.png\" \/>\n\t<meta property=\"og:image:width\" content=\"512\" \/>\n\t<meta property=\"og:image:height\" content=\"512\" \/>\n\t<meta property=\"og:image:type\" content=\"image\/png\" \/>\n<meta name=\"twitter:card\" content=\"summary_large_image\" \/>\n<meta name=\"twitter:label1\" content=\"Est. reading time\" \/>\n\t<meta name=\"twitter:data1\" content=\"1 minute\" \/>\n<script type=\"application\/ld+json\" class=\"yoast-schema-graph\">{\"@context\":\"https:\\\/\\\/schema.org\",\"@graph\":[{\"@type\":\"WebPage\",\"@id\":\"https:\\\/\\\/granitantic.com\\\/\",\"url\":\"https:\\\/\\\/granitantic.com\\\/\",\"name\":\"Po\u010detna - Kamenoreza\u010dka Radnja Granit Anti\u0107 - Kru\u0161evac, Krvavica\",\"isPartOf\":{\"@id\":\"https:\\\/\\\/granitantic.com\\\/#website\"},\"primaryImageOfPage\":{\"@id\":\"https:\\\/\\\/granitantic.com\\\/#primaryimage\"},\"image\":{\"@id\":\"https:\\\/\\\/granitantic.com\\\/#primaryimage\"},\"thumbnailUrl\":\"https:\\\/\\\/i0.wp.com\\\/granitantic.com\\\/wp-content\\\/uploads\\\/2025\\\/03\\\/transparent.png?fit=512%2C512&ssl=1\",\"datePublished\":\"2022-04-24T22:08:46+00:00\",\"dateModified\":\"2026-04-12T23:47:29+00:00\",\"description\":\"Granit Anti\u0107 nudi visokokvalitetnu obradu kamena, sa tradicijom i stru\u010dnostima koje garantuju preciznost, dugotrajnost i umetni\u010dki pe\u010dat na svakom komadu.\",\"breadcrumb\":{\"@id\":\"https:\\\/\\\/granitantic.com\\\/#breadcrumb\"},\"inLanguage\":\"en-US\",\"potentialAction\":[{\"@type\":\"ReadAction\",\"target\":[\"https:\\\/\\\/granitantic.com\\\/\"]}]},{\"@type\":\"ImageObject\",\"inLanguage\":\"en-US\",\"@id\":\"https:\\\/\\\/granitantic.com\\\/#primaryimage\",\"url\":\"https:\\\/\\\/i0.wp.com\\\/granitantic.com\\\/wp-content\\\/uploads\\\/2025\\\/03\\\/transparent.png?fit=512%2C512&ssl=1\",\"contentUrl\":\"https:\\\/\\\/i0.wp.com\\\/granitantic.com\\\/wp-content\\\/uploads\\\/2025\\\/03\\\/transparent.png?fit=512%2C512&ssl=1\",\"width\":512,\"height\":512},{\"@type\":\"BreadcrumbList\",\"@id\":\"https:\\\/\\\/granitantic.com\\\/#breadcrumb\",\"itemListElement\":[{\"@type\":\"ListItem\",\"position\":1,\"name\":\"Home\",\"item\":\"https:\\\/\\\/granitantic.com\\\/\"},{\"@type\":\"ListItem\",\"position\":2,\"name\":\"Po\u010detna\"}]},{\"@type\":\"WebSite\",\"@id\":\"https:\\\/\\\/granitantic.com\\\/#website\",\"url\":\"https:\\\/\\\/granitantic.com\\\/\",\"name\":\"Kamenoreza\u010dka Radnja Granit Anti\u0107\",\"description\":\"Granit Anti\u0107, Kru\u0161evac\",\"publisher\":{\"@id\":\"https:\\\/\\\/granitantic.com\\\/#organization\"},\"potentialAction\":[{\"@type\":\"SearchAction\",\"target\":{\"@type\":\"EntryPoint\",\"urlTemplate\":\"https:\\\/\\\/granitantic.com\\\/?s={search_term_string}\"},\"query-input\":{\"@type\":\"PropertyValueSpecification\",\"valueRequired\":true,\"valueName\":\"search_term_string\"}}],\"inLanguage\":\"en-US\"},{\"@type\":\"Organization\",\"@id\":\"https:\\\/\\\/granitantic.com\\\/#organization\",\"name\":\"Kamenoreza\u010dka Radnja Granit Anti\u0107 - Kru\u0161evac, Krvavica\",\"url\":\"https:\\\/\\\/granitantic.com\\\/\",\"logo\":{\"@type\":\"ImageObject\",\"inLanguage\":\"en-US\",\"@id\":\"https:\\\/\\\/granitantic.com\\\/#\\\/schema\\\/logo\\\/image\\\/\",\"url\":\"https:\\\/\\\/granitantic.com\\\/wp-content\\\/uploads\\\/2025\\\/03\\\/dasdq2we12dasdasd.png\",\"contentUrl\":\"https:\\\/\\\/granitantic.com\\\/wp-content\\\/uploads\\\/2025\\\/03\\\/dasdq2we12dasdasd.png\",\"width\":512,\"height\":512,\"caption\":\"Kamenoreza\u010dka Radnja Granit Anti\u0107 - Kru\u0161evac, Krvavica\"},\"image\":{\"@id\":\"https:\\\/\\\/granitantic.com\\\/#\\\/schema\\\/logo\\\/image\\\/\"}}]}<\/script>\n<!-- \/ Yoast SEO plugin. -->","yoast_head_json":{"title":"Po\u010detna - Kamenoreza\u010dka Radnja Granit Anti\u0107 - Kru\u0161evac, Krvavica","description":"Granit Anti\u0107 nudi visokokvalitetnu obradu kamena, sa tradicijom i stru\u010dnostima koje garantuju preciznost, dugotrajnost i umetni\u010dki pe\u010dat na svakom komadu.","robots":{"index":"index","follow":"follow","max-snippet":"max-snippet:-1","max-image-preview":"max-image-preview:large","max-video-preview":"max-video-preview:-1"},"canonical":"https:\/\/granitantic.com\/","og_locale":"en_US","og_type":"article","og_title":"Po\u010detna - Kamenoreza\u010dka Radnja Granit Anti\u0107 - Kru\u0161evac, Krvavica","og_description":"Granit Anti\u0107 nudi visokokvalitetnu obradu kamena, sa tradicijom i stru\u010dnostima koje garantuju preciznost, dugotrajnost i umetni\u010dki pe\u010dat na svakom komadu.","og_url":"https:\/\/granitantic.com\/","og_site_name":"Kamenoreza\u010dka Radnja Granit Anti\u0107 - Kru\u0161evac, Krvavica","article_modified_time":"2026-04-12T23:47:29+00:00","og_image":[{"width":512,"height":512,"url":"https:\/\/granitantic.com\/wp-content\/uploads\/2025\/03\/transparent.png","type":"image\/png"}],"twitter_card":"summary_large_image","twitter_misc":{"Est. reading time":"1 minute"},"schema":{"@context":"https:\/\/schema.org","@graph":[{"@type":"WebPage","@id":"https:\/\/granitantic.com\/","url":"https:\/\/granitantic.com\/","name":"Po\u010detna - Kamenoreza\u010dka Radnja Granit Anti\u0107 - Kru\u0161evac, Krvavica","isPartOf":{"@id":"https:\/\/granitantic.com\/#website"},"primaryImageOfPage":{"@id":"https:\/\/granitantic.com\/#primaryimage"},"image":{"@id":"https:\/\/granitantic.com\/#primaryimage"},"thumbnailUrl":"https:\/\/i0.wp.com\/granitantic.com\/wp-content\/uploads\/2025\/03\/transparent.png?fit=512%2C512&ssl=1","datePublished":"2022-04-24T22:08:46+00:00","dateModified":"2026-04-12T23:47:29+00:00","description":"Granit Anti\u0107 nudi visokokvalitetnu obradu kamena, sa tradicijom i stru\u010dnostima koje garantuju preciznost, dugotrajnost i umetni\u010dki pe\u010dat na svakom komadu.","breadcrumb":{"@id":"https:\/\/granitantic.com\/#breadcrumb"},"inLanguage":"en-US","potentialAction":[{"@type":"ReadAction","target":["https:\/\/granitantic.com\/"]}]},{"@type":"ImageObject","inLanguage":"en-US","@id":"https:\/\/granitantic.com\/#primaryimage","url":"https:\/\/i0.wp.com\/granitantic.com\/wp-content\/uploads\/2025\/03\/transparent.png?fit=512%2C512&ssl=1","contentUrl":"https:\/\/i0.wp.com\/granitantic.com\/wp-content\/uploads\/2025\/03\/transparent.png?fit=512%2C512&ssl=1","width":512,"height":512},{"@type":"BreadcrumbList","@id":"https:\/\/granitantic.com\/#breadcrumb","itemListElement":[{"@type":"ListItem","position":1,"name":"Home","item":"https:\/\/granitantic.com\/"},{"@type":"ListItem","position":2,"name":"Po\u010detna"}]},{"@type":"WebSite","@id":"https:\/\/granitantic.com\/#website","url":"https:\/\/granitantic.com\/","name":"Kamenoreza\u010dka Radnja Granit Anti\u0107","description":"Granit Anti\u0107, Kru\u0161evac","publisher":{"@id":"https:\/\/granitantic.com\/#organization"},"potentialAction":[{"@type":"SearchAction","target":{"@type":"EntryPoint","urlTemplate":"https:\/\/granitantic.com\/?s={search_term_string}"},"query-input":{"@type":"PropertyValueSpecification","valueRequired":true,"valueName":"search_term_string"}}],"inLanguage":"en-US"},{"@type":"Organization","@id":"https:\/\/granitantic.com\/#organization","name":"Kamenoreza\u010dka Radnja Granit Anti\u0107 - Kru\u0161evac, Krvavica","url":"https:\/\/granitantic.com\/","logo":{"@type":"ImageObject","inLanguage":"en-US","@id":"https:\/\/granitantic.com\/#\/schema\/logo\/image\/","url":"https:\/\/granitantic.com\/wp-content\/uploads\/2025\/03\/dasdq2we12dasdasd.png","contentUrl":"https:\/\/granitantic.com\/wp-content\/uploads\/2025\/03\/dasdq2we12dasdasd.png","width":512,"height":512,"caption":"Kamenoreza\u010dka Radnja Granit Anti\u0107 - Kru\u0161evac, Krvavica"},"image":{"@id":"https:\/\/granitantic.com\/#\/schema\/logo\/image\/"}}]}},"_links":{"self":[{"href":"https:\/\/granitantic.com\/index.php\/wp-json\/wp\/v2\/pages\/465","targetHints":{"allow":["GET"]}}],"collection":[{"href":"https:\/\/granitantic.com\/index.php\/wp-json\/wp\/v2\/pages"}],"about":[{"href":"https:\/\/granitantic.com\/index.php\/wp-json\/wp\/v2\/types\/page"}],"author":[{"embeddable":true,"href":"https:\/\/granitantic.com\/index.php\/wp-json\/wp\/v2\/users\/2"}],"replies":[{"embeddable":true,"href":"https:\/\/granitantic.com\/index.php\/wp-json\/wp\/v2\/comments?post=465"}],"version-history":[{"count":67,"href":"https:\/\/granitantic.com\/index.php\/wp-json\/wp\/v2\/pages\/465\/revisions"}],"predecessor-version":[{"id":1088,"href":"https:\/\/granitantic.com\/index.php\/wp-json\/wp\/v2\/pages\/465\/revisions\/1088"}],"wp:featuredmedia":[{"embeddable":true,"href":"https:\/\/granitantic.com\/index.php\/wp-json\/wp\/v2\/media\/889"}],"wp:attachment":[{"href":"https:\/\/granitantic.com\/index.php\/wp-json\/wp\/v2\/media?parent=465"}],"curies":[{"name":"wp","href":"https:\/\/api.w.org\/{rel}","templated":true}]}}